{"id":6979,"date":"2024-03-20T07:25:26","date_gmt":"2024-03-20T07:25:26","guid":{"rendered":"https:\/\/artesmarcialesmugendo.es\/santacruz\/producto\/master-class-de-defensa-personal-con-sensei-javier-saenz-para-adultos\/"},"modified":"2025-02-14T11:47:08","modified_gmt":"2025-02-14T11:47:08","slug":"master-class-de-defensa-personal-con-sensei-javier-saenz-para-adultos","status":"publish","type":"product","link":"https:\/\/artesmarcialesmugendo.es\/santacruz\/producto\/master-class-de-defensa-personal-con-sensei-javier-saenz-para-adultos\/","title":{"rendered":"Master Class de Defensa Personal con Sensei Javier S\u00e1enz para Adultos"},"content":{"rendered":"<div id=\"descripcion-completa\">\n<table id=\"table_description\"><\/table>\n<\/div>\n","protected":false},"excerpt":{"rendered":"<p><strong>Aprende a defenderte de manera real y eficaz<\/strong><\/p>\n<p>Solo para alumnos de Mugendo.19:00 a 19:50<br \/>\nen el pabell\u00f3n del IES Bernab\u00e9 Rodriguez, Av. de San Sebasti\u00e1n, 7, Santa Cruz de Tenerife.<\/p>\n","protected":false},"featured_media":6792,"template":"","meta":[],"product_brand":[],"product_cat":[64,61],"product_tag":[],"class_list":{"0":"post-6979","1":"product","2":"type-product","3":"status-publish","4":"has-post-thumbnail","6":"product_cat-sensei-javier-saenz","7":"product_cat-seminarios","9":"first","10":"onbackorder","11":"shipping-taxable","12":"purchasable","13":"product-type-variable"},"_links":{"self":[{"href":"https:\/\/artesmarcialesmugendo.es\/santacruz\/wp-json\/wp\/v2\/product\/6979","targetHints":{"allow":["GET"]}}],"collection":[{"href":"https:\/\/artesmarcialesmugendo.es\/santacruz\/wp-json\/wp\/v2\/product"}],"about":[{"href":"https:\/\/artesmarcialesmugendo.es\/santacruz\/wp-json\/wp\/v2\/types\/product"}],"wp:featuredmedia":[{"embeddable":true,"href":"https:\/\/artesmarcialesmugendo.es\/santacruz\/wp-json\/wp\/v2\/media\/6792"}],"wp:attachment":[{"href":"https:\/\/artesmarcialesmugendo.es\/santacruz\/wp-json\/wp\/v2\/media?parent=6979"}],"wp:term":[{"taxonomy":"product_brand","embeddable":true,"href":"https:\/\/artesmarcialesmugendo.es\/santacruz\/wp-json\/wp\/v2\/product_brand?post=6979"},{"taxonomy":"product_cat","embeddable":true,"href":"https:\/\/artesmarcialesmugendo.es\/santacruz\/wp-json\/wp\/v2\/product_cat?post=6979"},{"taxonomy":"product_tag","embeddable":true,"href":"https:\/\/artesmarcialesmugendo.es\/santacruz\/wp-json\/wp\/v2\/product_tag?post=6979"}],"curies":[{"name":"wp","href":"https:\/\/api.w.org\/{rel}","templated":true}]}}