{"id":6973,"date":"2024-03-20T07:25:26","date_gmt":"2024-03-20T07:25:26","guid":{"rendered":"https:\/\/artesmarcialesmugendo.es\/santacruz\/producto\/catologo\/"},"modified":"2024-09-26T09:09:54","modified_gmt":"2024-09-26T09:09:54","slug":"catologo","status":"publish","type":"product","link":"https:\/\/artesmarcialesmugendo.es\/santacruz\/producto\/catologo\/","title":{"rendered":"Cat\u00e1logo"},"content":{"rendered":"<div id=\"descripcion-completa\"><\/div>\n","protected":false},"excerpt":{"rendered":"<p>Visita nuestro cat\u00e1logo de art\u00edculos que podr\u00e1s pedir en tu club<\/p>\n","protected":false},"featured_media":7026,"template":"","meta":[],"product_brand":[],"product_cat":[60],"product_tag":[],"class_list":{"0":"post-6973","1":"product","2":"type-product","3":"status-publish","4":"has-post-thumbnail","6":"product_cat-material","8":"first","9":"instock","10":"shipping-taxable","11":"product-type-external"},"_links":{"self":[{"href":"https:\/\/artesmarcialesmugendo.es\/santacruz\/wp-json\/wp\/v2\/product\/6973","targetHints":{"allow":["GET"]}}],"collection":[{"href":"https:\/\/artesmarcialesmugendo.es\/santacruz\/wp-json\/wp\/v2\/product"}],"about":[{"href":"https:\/\/artesmarcialesmugendo.es\/santacruz\/wp-json\/wp\/v2\/types\/product"}],"wp:featuredmedia":[{"embeddable":true,"href":"https:\/\/artesmarcialesmugendo.es\/santacruz\/wp-json\/wp\/v2\/media\/7026"}],"wp:attachment":[{"href":"https:\/\/artesmarcialesmugendo.es\/santacruz\/wp-json\/wp\/v2\/media?parent=6973"}],"wp:term":[{"taxonomy":"product_brand","embeddable":true,"href":"https:\/\/artesmarcialesmugendo.es\/santacruz\/wp-json\/wp\/v2\/product_brand?post=6973"},{"taxonomy":"product_cat","embeddable":true,"href":"https:\/\/artesmarcialesmugendo.es\/santacruz\/wp-json\/wp\/v2\/product_cat?post=6973"},{"taxonomy":"product_tag","embeddable":true,"href":"https:\/\/artesmarcialesmugendo.es\/santacruz\/wp-json\/wp\/v2\/product_tag?post=6973"}],"curies":[{"name":"wp","href":"https:\/\/api.w.org\/{rel}","templated":true}]}}